{"id":10,"date":"2023-01-28T16:52:09","date_gmt":"2023-01-28T16:52:09","guid":{"rendered":"https:\/\/teiskonvpk.fi\/?page_id=10"},"modified":"2026-01-25T11:44:50","modified_gmt":"2026-01-25T11:44:50","slug":"yhteystiedot","status":"publish","type":"page","link":"https:\/\/teiskonvpk.fi\/?page_id=10","title":{"rendered":"Yhteystiedot"},"content":{"rendered":"\n<p><strong>Teiskon Vapaaehtoinen Palokunta r.y.<\/strong><br>Taavankuja 1<br>34240 K\u00c4MMENNIEMI<br><a href=\"http:\/\/g.co\/maps\/y2u4f\" target=\"_blank\" rel=\"noreferrer noopener\">\u00bb Kartta<\/a><br><br><strong>Palokunnan P\u00e4\u00e4llikk\u00f6<\/strong><br>Toni Tahvanainen \/ Pasi Koivunen<br>puh: +35840 5896 737<br>email: paallikko(at)teiskonvpk.fi<br><br><strong>Palokunnan Puheenjohtaja<\/strong><br>Toni Reunanen<br>puh: +35850 3670 915<br>email: puheenjohtaja(at)teiskonvpk.fi<\/p>\n\n\n\n<p><strong>Nuorten Yhteyshenkil\u00f6<\/strong><br>Ville Niemi<br>puh: +35850 326 4075<\/p>\n\n\n\n<p><strong>Rahastonhoitaja \/ laskut<\/strong><br>Mikko Tarikka<br>email: rahastonhoitaja(at)teiskonvpk.fi<\/p>\n\n\n\n<p><br><br><\/p>\n\n\n\n<p><\/p>\n\n\n\n<p><\/p>\n","protected":false},"excerpt":{"rendered":"<p>Teiskon Vapaaehtoinen Palokunta r.y.Taavankuja 134240 K\u00c4MMENNIEMI\u00bb Kartta Palokunnan P\u00e4\u00e4llikk\u00f6Toni Tahvanainen \/ Pasi Koivunenpuh: +35840 5896 737email: paallikko(at)teiskonvpk.fi Palokunnan PuheenjohtajaToni Reunanenpuh: +35850 3670 915email: puheenjohtaja(at)teiskonvpk.fi Nuorten Yhteyshenkil\u00f6Ville Niemipuh: +35850 326 4075 Rahastonhoitaja \/ laskutMikko Tarikkaemail: rahastonhoitaja(at)teiskonvpk.fi<\/p>\n","protected":false},"author":1,"featured_media":0,"parent":0,"menu_order":0,"comment_status":"closed","ping_status":"closed","template":"","meta":{"footnotes":""},"class_list":["post-10","page","type-page","status-publish","hentry"],"_links":{"self":[{"href":"https:\/\/teiskonvpk.fi\/index.php?rest_route=\/wp\/v2\/pages\/10","targetHints":{"allow":["GET"]}}],"collection":[{"href":"https:\/\/teiskonvpk.fi\/index.php?rest_route=\/wp\/v2\/pages"}],"about":[{"href":"https:\/\/teiskonvpk.fi\/index.php?rest_route=\/wp\/v2\/types\/page"}],"author":[{"embeddable":true,"href":"https:\/\/teiskonvpk.fi\/index.php?rest_route=\/wp\/v2\/users\/1"}],"replies":[{"embeddable":true,"href":"https:\/\/teiskonvpk.fi\/index.php?rest_route=%2Fwp%2Fv2%2Fcomments&post=10"}],"version-history":[{"count":8,"href":"https:\/\/teiskonvpk.fi\/index.php?rest_route=\/wp\/v2\/pages\/10\/revisions"}],"predecessor-version":[{"id":161,"href":"https:\/\/teiskonvpk.fi\/index.php?rest_route=\/wp\/v2\/pages\/10\/revisions\/161"}],"wp:attachment":[{"href":"https:\/\/teiskonvpk.fi\/index.php?rest_route=%2Fwp%2Fv2%2Fmedia&parent=10"}],"curies":[{"name":"wp","href":"https:\/\/api.w.org\/{rel}","templated":true}]}}