{"id":11,"date":"2023-01-28T16:52:09","date_gmt":"2023-01-28T16:52:09","guid":{"rendered":"https:\/\/teiskonvpk.fi\/?page_id=11"},"modified":"2025-08-20T13:36:34","modified_gmt":"2025-08-20T13:36:34","slug":"etusivu","status":"publish","type":"page","link":"https:\/\/teiskonvpk.fi\/","title":{"rendered":"Etusivu"},"content":{"rendered":"\n<p>Teiskon VPK on Pirkanmaan pelastuslaitokseen kuuluva sopimuspalokunta Tampereen K\u00e4mmenniemess\u00e4. VPK tarjoaa monipuolisen harrastuksen kaikille kymmenest\u00e4 ik\u00e4vuodesta yl\u00f6sp\u00e4in. Palokuntataitojen\u00a0lis\u00e4ksi toiminnassa oppii hy\u00f6dyllisi\u00e4 arjen taitoja kuten tiimity\u00f6skentely\u00e4, ensiapua\u00a0ja paljon muuta. Jokainen j\u00e4sen voi kouluttautua omien mahdollisuuksien ja tarpeiden mukaisesti.<br><br>Toiminnassamme noudatetaan ns. vapaaehtoisuusperiaatetta, jossa varsinaisen palkan sijasta varoja k\u00e4ytet\u00e4\u00e4n toiminnan yll\u00e4pit\u00e4miseen ja kehitt\u00e4miseen. Nuoriso-osastoon voivat liitty\u00e4 10-15-vuotiaat tyt\u00f6t ja pojat. Siit\u00e4 vanhemmat voivat osallistua harjoituksiin maanantaisin. H\u00e4lytysteht\u00e4ville on mahdollista osallistua, kun ik\u00e4\u00e4 on 18 vuotta ja koulutukselliset sek\u00e4 terveydelliset vaatimukset t\u00e4yttyv\u00e4t. Palokuntatoiminnan lis\u00e4ksi yhdistys j\u00e4rjest\u00e4\u00e4 j\u00e4senilleen virkistystoimintaa kiitoksena aktiivisuudesta palokuntatoiminnasta.<\/p>\n\n\n\n<p>Palokunnan toimintaan haetaan&nbsp;jatkuvasti uusia henkil\u00f6it\u00e4 toiminnan jatkuvuuden turvaamiseksi. Mik\u00e4li kiinnostuit, ole yhteydess\u00e4 palokunnan p\u00e4\u00e4llikk\u00f6\u00f6n puhelimitse tai s\u00e4hk\u00f6postilla!<\/p>\n","protected":false},"excerpt":{"rendered":"<p>Teiskon VPK on Pirkanmaan pelastuslaitokseen kuuluva sopimuspalokunta Tampereen K\u00e4mmenniemess\u00e4. VPK tarjoaa monipuolisen harrastuksen kaikille kymmenest\u00e4 ik\u00e4vuodesta yl\u00f6sp\u00e4in. Palokuntataitojen\u00a0lis\u00e4ksi toiminnassa oppii hy\u00f6dyllisi\u00e4 arjen taitoja kuten tiimity\u00f6skentely\u00e4, ensiapua\u00a0ja paljon muuta. Jokainen j\u00e4sen voi kouluttautua omien mahdollisuuksien ja tarpeiden mukaisesti. Toiminnassamme noudatetaan ns. vapaaehtoisuusperiaatetta, jossa varsinaisen palkan sijasta varoja k\u00e4ytet\u00e4\u00e4n toiminnan yll\u00e4pit\u00e4miseen ja kehitt\u00e4miseen. Nuoriso-osastoon voivat liitty\u00e4 10-15-vuotiaat &hellip; <a href=\"https:\/\/teiskonvpk.fi\/\" class=\"more-link\">Jatka lukemista <span class=\"screen-reader-text\">Etusivu<\/span> <span class=\"meta-nav\">&rarr;<\/span><\/a><\/p>\n","protected":false},"author":1,"featured_media":0,"parent":0,"menu_order":0,"comment_status":"closed","ping_status":"closed","template":"","meta":{"footnotes":""},"class_list":["post-11","page","type-page","status-publish","hentry"],"_links":{"self":[{"href":"https:\/\/teiskonvpk.fi\/index.php?rest_route=\/wp\/v2\/pages\/11","targetHints":{"allow":["GET"]}}],"collection":[{"href":"https:\/\/teiskonvpk.fi\/index.php?rest_route=\/wp\/v2\/pages"}],"about":[{"href":"https:\/\/teiskonvpk.fi\/index.php?rest_route=\/wp\/v2\/types\/page"}],"author":[{"embeddable":true,"href":"https:\/\/teiskonvpk.fi\/index.php?rest_route=\/wp\/v2\/users\/1"}],"replies":[{"embeddable":true,"href":"https:\/\/teiskonvpk.fi\/index.php?rest_route=%2Fwp%2Fv2%2Fcomments&post=11"}],"version-history":[{"count":4,"href":"https:\/\/teiskonvpk.fi\/index.php?rest_route=\/wp\/v2\/pages\/11\/revisions"}],"predecessor-version":[{"id":152,"href":"https:\/\/teiskonvpk.fi\/index.php?rest_route=\/wp\/v2\/pages\/11\/revisions\/152"}],"wp:attachment":[{"href":"https:\/\/teiskonvpk.fi\/index.php?rest_route=%2Fwp%2Fv2%2Fmedia&parent=11"}],"curies":[{"name":"wp","href":"https:\/\/api.w.org\/{rel}","templated":true}]}}