{"id":7,"date":"2023-01-28T16:52:09","date_gmt":"2023-01-28T16:52:09","guid":{"rendered":"https:\/\/teiskonvpk.fi\/?page_id=7"},"modified":"2026-01-25T11:36:05","modified_gmt":"2026-01-25T11:36:05","slug":"halytysosasto","status":"publish","type":"page","link":"https:\/\/teiskonvpk.fi\/?page_id=7","title":{"rendered":"H\u00e4lytysosasto"},"content":{"rendered":"\n<p>H\u00e4lytysosasto vastaa palokuntasopimuksessa velvoitettujen teht\u00e4vien hoitamisesta. Vuosittain teht\u00e4vi\u00e4 on reilu 100 sis\u00e4lt\u00e4en pelastusteht\u00e4v\u00e4t ja ensihoidon tukiteht\u00e4v\u00e4t eli ns. ensivasteteht\u00e4v\u00e4t. P\u00e4\u00e4s\u00e4\u00e4nt\u00f6isen\u00e4 toiminta-alueena on Pohjois-Tampere, pinta-alaltaan n.400 km2. H\u00e4lytysteht\u00e4v\u00e4t v\u00e4littyv\u00e4t h\u00e4lytysosastolaisten matkapuhelimiin, jolloin henkil\u00f6st\u00f6 siirtyy asemalle ja miehitt\u00e4\u00e4 tarvittavat yksik\u00f6t. Varsinaista p\u00e4ivystystoimintaa asemalla ei p\u00e4\u00e4s\u00e4\u00e4nt\u00f6isesti ole pois lukien myrskyt tai muut poikkeustilanteet. H\u00e4lytystoiminnassa ovat k\u00e4ytett\u00e4viss\u00e4 seuraavat yksik\u00f6t: pelastus-\/sammutusauto RPI 151, s\u00e4ili\u00f6auto RPI 153, miehist\u00f6-\/ensivasteauto RPI 157 ja kes\u00e4aikaan vene RPI 158 Aune.<br><br>H\u00e4lytysosastoon voi hakea normaalikuntoinen mies tai nainen, joka on v\u00e4hint\u00e4\u00e4n 18-vuotias. Palokunnassa uusi j\u00e4sen haastatellaan ja perehdytet\u00e4\u00e4n toimintaan. Riitt\u00e4v\u00e4n perehdytt\u00e4misen j\u00e4lkeen harjoittelija voi hakeutua pelastustoiminnan peruskurssille, mik\u00e4 antaa perusvalmiudet pelastusteht\u00e4ville osallistumiseen. Peruskurssin k\u00e4ynyt ja ty\u00f6terveystarkastuksessa h\u00e4lytystoimintaan soveltuvaksi todettu henkil\u00f6 nimet\u00e4\u00e4n h\u00e4lytysosaston j\u00e4seneksi. Peruskurssin j\u00e4lkeen osaamista on mahdollista kartoittaa muilla kursseilla, joita ovat esimerkiksi pelastusty\u00f6-, savusukellus ja pintapelastuskurssit.<br><br>Palokuntamme on tehnyt palokuntasopimuksen lis\u00e4ksi erillisen ensivastesopimuksen, joka velvoittaa osallistumaan tiettyihin ensihoidon teht\u00e4viin ensivasteyksikk\u00f6n\u00e4. Ensivastetoimintaan osallistuakseen henkil\u00f6n tulee k\u00e4yd\u00e4 ensiapu- ja ensivastekurssit. Terveydenhuoltoalan henkil\u00f6iden on mahdollista p\u00e4\u00e4st\u00e4 ensivastetoimintaan my\u00f6s perehdytyksell\u00e4 ilman kurssittautumista. Palokunnassa on mahdollista osallistua halutessaan my\u00f6s pelk\u00e4st\u00e4\u00e4n ensivastetoimintaan. Ensivasteteht\u00e4v\u00e4t hoidetaan p\u00e4\u00e4s\u00e4\u00e4nt\u00f6isesti miehist\u00f6-\/ensivasteauto RPI 157:lla, jolloin muut yksik\u00f6t pysyv\u00e4t valmiudessa pelastusteht\u00e4viin.<br><br>Harjoittelu on t\u00e4rke\u00e4ss\u00e4 osassa kursseilla opittujen taitojen yll\u00e4pit\u00e4miseksi ja syvent\u00e4miseksi. Harjoituksissa keskityt\u00e4\u00e4n my\u00f6s tiimity\u00f6taitoihin ja h\u00e4lytystilanteita pyrit\u00e4\u00e4n simuloimaan mahdollisimman todenmukaisilla harjoitteilla. H\u00e4lytysosasto harjoittelee viikoittain syys- ja kev\u00e4tkaudella p\u00e4\u00e4s\u00e4\u00e4nt\u00f6isesti maanantaisin klo 18. Kes\u00e4aikaan harjoitustoiminnan ollessa tauolla keskityt\u00e4\u00e4n h\u00e4lytysten hoitamiseen ja kaluston kunnossapitoon h\u00e4lytysm\u00e4\u00e4rien ollessa vilkkaimmillaan v\u00e4kim\u00e4\u00e4r\u00e4n lis\u00e4\u00e4ntyess\u00e4 m\u00f6kkil\u00e4isten ansiosta.<\/p>\n\n\n\n<p>H\u00e4lytysosastoon kaivataan jatkuvasti uusia henkil\u00f6it\u00e4 toiminnan jatkuvuuden varmistamiseksi. Mik\u00e4li kiinnostuit toiminnastamme, ole yhteydess\u00e4 palokunnan p\u00e4\u00e4llikk\u00f6\u00f6n puhelimitse tai s\u00e4hk\u00f6postilla!<\/p>\n\n\n\n<div class=\"wp-block-columns is-layout-flex wp-container-core-columns-is-layout-9d6595d7 wp-block-columns-is-layout-flex\">\n<div class=\"wp-block-column is-layout-flow wp-block-column-is-layout-flow\" style=\"flex-basis:100%\">\n<div class=\"wp-block-columns is-layout-flex wp-container-core-columns-is-layout-9d6595d7 wp-block-columns-is-layout-flex\">\n<div class=\"wp-block-column is-layout-flow wp-block-column-is-layout-flow\" style=\"flex-basis:100%\">\n<div class=\"wp-block-file\"><a id=\"wp-block-file--media-af5bef02-f8a9-4062-9a3a-56bf5866b9bc\" href=\"https:\/\/teiskonvpk.fi\/wp-content\/uploads\/2026\/01\/Harjoitussuunnitelma-kevat-tulostettava-1.xlsx\">Harjoitussuunnitelma kev\u00e4t tulostettava<\/a><a href=\"https:\/\/teiskonvpk.fi\/wp-content\/uploads\/2026\/01\/Harjoitussuunnitelma-kevat-tulostettava-1.xlsx\" class=\"wp-block-file__button wp-element-button\" download aria-describedby=\"wp-block-file--media-af5bef02-f8a9-4062-9a3a-56bf5866b9bc\">Lataa<\/a><\/div>\n<\/div>\n<\/div>\n<\/div>\n<\/div>\n\n\n\n<p><\/p>\n","protected":false},"excerpt":{"rendered":"<p>H\u00e4lytysosasto vastaa palokuntasopimuksessa velvoitettujen teht\u00e4vien hoitamisesta. Vuosittain teht\u00e4vi\u00e4 on reilu 100 sis\u00e4lt\u00e4en pelastusteht\u00e4v\u00e4t ja ensihoidon tukiteht\u00e4v\u00e4t eli ns. ensivasteteht\u00e4v\u00e4t. P\u00e4\u00e4s\u00e4\u00e4nt\u00f6isen\u00e4 toiminta-alueena on Pohjois-Tampere, pinta-alaltaan n.400 km2. H\u00e4lytysteht\u00e4v\u00e4t v\u00e4littyv\u00e4t h\u00e4lytysosastolaisten matkapuhelimiin, jolloin henkil\u00f6st\u00f6 siirtyy asemalle ja miehitt\u00e4\u00e4 tarvittavat yksik\u00f6t. Varsinaista p\u00e4ivystystoimintaa asemalla ei p\u00e4\u00e4s\u00e4\u00e4nt\u00f6isesti ole pois lukien myrskyt tai muut poikkeustilanteet. H\u00e4lytystoiminnassa ovat k\u00e4ytett\u00e4viss\u00e4 seuraavat yksik\u00f6t: &hellip; <a href=\"https:\/\/teiskonvpk.fi\/?page_id=7\" class=\"more-link\">Jatka lukemista <span class=\"screen-reader-text\">H\u00e4lytysosasto<\/span> <span class=\"meta-nav\">&rarr;<\/span><\/a><\/p>\n","protected":false},"author":1,"featured_media":0,"parent":0,"menu_order":0,"comment_status":"closed","ping_status":"closed","template":"","meta":{"footnotes":""},"class_list":["post-7","page","type-page","status-publish","hentry"],"_links":{"self":[{"href":"https:\/\/teiskonvpk.fi\/index.php?rest_route=\/wp\/v2\/pages\/7","targetHints":{"allow":["GET"]}}],"collection":[{"href":"https:\/\/teiskonvpk.fi\/index.php?rest_route=\/wp\/v2\/pages"}],"about":[{"href":"https:\/\/teiskonvpk.fi\/index.php?rest_route=\/wp\/v2\/types\/page"}],"author":[{"embeddable":true,"href":"https:\/\/teiskonvpk.fi\/index.php?rest_route=\/wp\/v2\/users\/1"}],"replies":[{"embeddable":true,"href":"https:\/\/teiskonvpk.fi\/index.php?rest_route=%2Fwp%2Fv2%2Fcomments&post=7"}],"version-history":[{"count":15,"href":"https:\/\/teiskonvpk.fi\/index.php?rest_route=\/wp\/v2\/pages\/7\/revisions"}],"predecessor-version":[{"id":157,"href":"https:\/\/teiskonvpk.fi\/index.php?rest_route=\/wp\/v2\/pages\/7\/revisions\/157"}],"wp:attachment":[{"href":"https:\/\/teiskonvpk.fi\/index.php?rest_route=%2Fwp%2Fv2%2Fmedia&parent=7"}],"curies":[{"name":"wp","href":"https:\/\/api.w.org\/{rel}","templated":true}]}}