{"id":9,"date":"2023-01-28T16:52:09","date_gmt":"2023-01-28T16:52:09","guid":{"rendered":"https:\/\/teiskonvpk.fi\/?page_id=9"},"modified":"2023-01-28T16:55:15","modified_gmt":"2023-01-28T16:55:15","slug":"historia","status":"publish","type":"page","link":"https:\/\/teiskonvpk.fi\/?page_id=9","title":{"rendered":"Historia"},"content":{"rendered":"\n<p>Vuonna 1938 perustettiin Teiskon VPK. Suomeen saatiin palolaki 1933. Vuoden 1933 laissa m\u00e4\u00e4r\u00e4ttiin kunnat j\u00e4rjest\u00e4m\u00e4\u00e4n palotoimen ja nime\u00e4m\u00e4\u00e4n mm. palop\u00e4\u00e4llik\u00f6n ja palolautakunnan. Siirtym\u00e4aikaa oli vuoteen 1938 ja t\u00e4m\u00e4 aika k\u00e4ytettiin Teiskossa tarkkaan hyv\u00e4ksi. Niinp\u00e4 1938 perustettiin Teiskon VPK. Muitakin malleja oli k\u00e4ytett\u00e4viss\u00e4, mutta VPK lienee ollut toimivin. Kuten kaikki tied\u00e4mme, 1939 alkoivat kansainv\u00e4liset kovapanosammunnat, joihin Suomikin joutui osallistumaan. VPK:n arkistosta l\u00f6ytyy p\u00f6yt\u00e4kirja, josta selvi\u00e4\u00e4, ett\u00e4 V\u00e4rm\u00e4l\u00e4n koululla j\u00e4rjestettiin uudelleen perustamiskokous 29. hein\u00e4kuuta 1945. T\u00e4m\u00e4n j\u00e4lkeen toiminta ja kalusto alkoivat hiljalleen kehitty\u00e4. T\u00e4ll\u00f6in rahavarat olivat niukat eik\u00e4 materiaaliakaan ollut aluksi h\u00e4\u00e4visti saatavilla. Palotointa kuitenkin hoidettiin.<br>Sammutusty\u00f6n lis\u00e4ksi tulen vaaraa torjuttiin valistusty\u00f6ll\u00e4 ja ennakkosuunnitelmilla. Teiskon alueelle muodostettiin K\u00e4mmenniemen ja Ter\u00e4lahden palopiirit, sek\u00e4 Jutilan, Pohjan-Kapeen, Velaattan, Vehoniemen, Kaanaan ja Viitapohjan sammutuspiirit. Joihinkin taloihin m\u00e4\u00e4r\u00e4ttiin ruisku, my\u00f6s palokoppeja rakennettiin, joihin palokalustoa oli sijoitettu ja tarpeen vaatiessa \u00e2\u20ac\u009dsaamatteilla\u00e2\u20ac\u009d. Kaluston v\u00e4hyytt\u00e4 ja ajan erilaisuutta kuvastaa 1000 markan taksi kuitti vuodelta 1959. Taxari Eino Nieminen oli kuljettanut miehi\u00e4 Ukaaseen Sorrin mets\u00e4paloa sammuttamaan.<br>\u00e2\u20ac\u009dVanhat keikat saavat v\u00e4liin hymyn suupieleen, pit\u00e4\u00e4 kuitenkin muistaa, ett\u00e4 maa oli k\u00f6yh\u00e4 ja palotoimenkin varat todella pienet. T\u00f6it\u00e4 tehtiin tosissaan k\u00e4ytett\u00e4viss\u00e4 olevilla resursseilla ja kalustolla. Aikaa uhrattiin hyv\u00e4n asian puolesta.\u00e2\u20ac\u009d Teiskon Vapaaehtoisen Palokunnan uudelleen perustamiskokouksen p\u00f6yt\u00e4kirjassa osanottajaluettelon kohdalla oli vain maininta, ett\u00e4 paikalla oli joukko asiasta kiinnostuneita miehi\u00e4. Seuraavia nimi\u00e4 kuitenkin l\u00f6ytyy: Toivo Lehtonen, Ville Siuko, Ilmari Siuko, Lauri Erki\u00f6, A. J. Yrj\u00f6l\u00e4, Urho Visakoivu, Pentti Ala-P\u00e4rri ja Arvo Koivula. N\u00e4iden lis\u00e4ksi VPK ty\u00f6t\u00e4 tehneit\u00e4 on paljon, n\u00e4ist\u00e4 mainittakoon mm. ansioituneesti pitk\u00e4aikainen p\u00e4\u00e4llikk\u00f6 Risto Kulmala, Risto Visakoivu ja monet muut.<br>Aluksi kalustoa kuljetettiin hevosella, mik\u00e4 oli oikeastaan ainoa kulkuneuvo talviaikaan, koska sivuteit\u00e4 ei aurattu. Seuraavassa vaiheessa kalustoa vietiin U.Visakoivun autolla ja vihdoin vuonna 1946 saatiin oma Ford merkkinen kuorma-auto. T\u00e4m\u00e4 vaihtui 50-60 -luvun taitteessa Thames merkkiseen paloautoon, jossa oli jo kiinte\u00e4 pumppu. Samoihin aikoihin saatiin oma palotalli. 1970 -luvun alussa sovittiin Teiskon kunnan kanssa uuden Sisu merkkisen auton tilaamisesta VPK:lle. Auto saatiin k\u00e4ytt\u00f6\u00f6n 1972, mutta t\u00e4ll\u00f6in Tampere olikin jo liitetty Teiskoon jolloin se tuli Tampereen palolaitoksen kautta j\u00e4\u00e4den heid\u00e4n omistukseensa. Kuntaliitoksen yhteydess\u00e4 neuvoteltiin sammutus-sopimus Tampereen Palolaitoksen kanssa. Sammutusautot ja kalusto on siit\u00e4 asti saatu Tampereelta. Suurin Teiskossa riehunut palo lienee ollut Tervalahden palo.<\/p>\n\n\n\n<p>VPK:n aloittaessa toimintansa h\u00e4lytyksi\u00e4 oli muutama vuodessa, seitsem\u00e4nkymment\u00e4luvulla noin 14, kahdeksankymment\u00e4luvulla noin 17. Yhdeks\u00e4nkymment\u00e4 luvulla ensivastetoiminnan tullessa kuvaan mukaan h\u00e4lytysm\u00e4\u00e4r\u00e4t nousivat noin 60:een ja seuraavilla vuosikymmenill\u00e4 h\u00e4lytyksi\u00e4 on ollut noin sata per vuosi.<br>H\u00e4lytyksien ja muun toiminnan lis\u00e4ksi kahdeksankymment\u00e4luvun ponnistuksiin kuuluu my\u00f6s oman m\u00f6kin tekeminen Kittil\u00e4n Sirkan kyl\u00e4\u00e4n Levitunturin juurelle.<br>Vuosien saatossa alkuper\u00e4isen sammutustoiminnan lis\u00e4ksi toimintaan on tullut pelastus-, savusukellus-, ensivaste-, ja vesipelastustoimintaa, jolloin toiminta on muuttunut pelk\u00e4st\u00e4 sammutustoiminnasta pelastustoiminnaksi.<\/p>\n","protected":false},"excerpt":{"rendered":"<p>Vuonna 1938 perustettiin Teiskon VPK. Suomeen saatiin palolaki 1933. Vuoden 1933 laissa m\u00e4\u00e4r\u00e4ttiin kunnat j\u00e4rjest\u00e4m\u00e4\u00e4n palotoimen ja nime\u00e4m\u00e4\u00e4n mm. palop\u00e4\u00e4llik\u00f6n ja palolautakunnan. Siirtym\u00e4aikaa oli vuoteen 1938 ja t\u00e4m\u00e4 aika k\u00e4ytettiin Teiskossa tarkkaan hyv\u00e4ksi. Niinp\u00e4 1938 perustettiin Teiskon VPK. Muitakin malleja oli k\u00e4ytett\u00e4viss\u00e4, mutta VPK lienee ollut toimivin. Kuten kaikki tied\u00e4mme, 1939 alkoivat kansainv\u00e4liset kovapanosammunnat, joihin &hellip; <a href=\"https:\/\/teiskonvpk.fi\/?page_id=9\" class=\"more-link\">Jatka lukemista <span class=\"screen-reader-text\">Historia<\/span> <span class=\"meta-nav\">&rarr;<\/span><\/a><\/p>\n","protected":false},"author":1,"featured_media":0,"parent":0,"menu_order":0,"comment_status":"closed","ping_status":"closed","template":"","meta":{"footnotes":""},"class_list":["post-9","page","type-page","status-publish","hentry"],"_links":{"self":[{"href":"https:\/\/teiskonvpk.fi\/index.php?rest_route=\/wp\/v2\/pages\/9","targetHints":{"allow":["GET"]}}],"collection":[{"href":"https:\/\/teiskonvpk.fi\/index.php?rest_route=\/wp\/v2\/pages"}],"about":[{"href":"https:\/\/teiskonvpk.fi\/index.php?rest_route=\/wp\/v2\/types\/page"}],"author":[{"embeddable":true,"href":"https:\/\/teiskonvpk.fi\/index.php?rest_route=\/wp\/v2\/users\/1"}],"replies":[{"embeddable":true,"href":"https:\/\/teiskonvpk.fi\/index.php?rest_route=%2Fwp%2Fv2%2Fcomments&post=9"}],"version-history":[{"count":2,"href":"https:\/\/teiskonvpk.fi\/index.php?rest_route=\/wp\/v2\/pages\/9\/revisions"}],"predecessor-version":[{"id":25,"href":"https:\/\/teiskonvpk.fi\/index.php?rest_route=\/wp\/v2\/pages\/9\/revisions\/25"}],"wp:attachment":[{"href":"https:\/\/teiskonvpk.fi\/index.php?rest_route=%2Fwp%2Fv2%2Fmedia&parent=9"}],"curies":[{"name":"wp","href":"https:\/\/api.w.org\/{rel}","templated":true}]}}